{"id":57747,"date":"2019-04-03T07:38:29","date_gmt":"2019-04-03T05:38:29","guid":{"rendered":"https:\/\/emob-italia.it\/survey-privacy\/"},"modified":"2024-03-05T18:14:53","modified_gmt":"2024-03-05T17:14:53","slug":"privacy-questionario","status":"publish","type":"page","link":"https:\/\/emob-italia.it\/en\/privacy-questionario\/","title":{"rendered":"privacy questionario"},"content":{"rendered":"<p>[et_pb_section fb_built=&#8221;1&#8243; _builder_version=&#8221;3.22&#8243;][et_pb_row _builder_version=&#8221;3.25&#8243;][et_pb_column type=&#8221;4_4&#8243; _builder_version=&#8221;3.25&#8243; custom_padding=&#8221;|||&#8221; custom_padding__hover=&#8221;|||&#8221;][et_pb_text _builder_version=&#8221;3.27.4&#8243;]<\/p>\n<p><strong>INFORMATIVA SUL TRATTAMENTO DEI DATI PERSONALI<\/strong><\/p>\n<p><strong>\u00a0(ai sensi del GDPR \u2013 Regolamento Generale sulla Protezione Dati e del D.Lgs. 101\/2018)<\/strong><\/p>\n<p><strong>\u00a0<\/strong><\/p>\n<p>Gentile Comune,<\/p>\n<p>CLASS \u2013 Comitato per L\u2019Ambiente e lo Sviluppo Sostenibile, con sede in Via Einaudi, 1 \u2013 20093 Cologno Monzese (MI), in persona del Titolare del Trattamento, ivi domiciliato, desidera informarLa di quanto segue.<\/p>\n<p>L\u2019informativa \u00e8 resa nel rispetto dei principi di protezione della privacy stabiliti dal GDPR \u2013 Regolamento Generale sulla Protezione Dati e del D.Lgs. 101\/2018 e dalle altre norme vigenti in materia.<\/p>\n<p>La informiamo che questa Onlus, organizzatrice della Conferenza Nazionale della Mobilit\u00e0 Elettrica (evento altre s\u00ec denominato &#8220;e_mob&#8221;) e promotrice della diffusione della Carta Metropolitana della Mobilit\u00e0 Elettrica, intende somministrarle un questionario per valutare lo stato dell\u2019arte dei singoli Comuni italiani (aderenti alla Carta o meno) nel campo della mobilit\u00e0 sostenibile, con focus sulla mobilit\u00e0 elettrica, in modalit\u00e0 elettronica e\/o cartacea, la cui restituzione potr\u00e0 avvenire attraverso la compilazione dei form online comunicati oppure con la consegna del questionario scansionato c\/o l\u2019indirizzo email info@emob-italia.it<\/p>\n<p><strong>Il conferimento dei dati richiesti dal questionario \u00e8 facoltativo.<span>\u00a0<\/span><\/strong>In caso di conferimento, il Comune autorizza il trattamento dei dati personali ai sensi del gi\u00e0 citato GDPR \u2013 Regolamento Generale sulla Protezione Dati e del D.Lgs. 101\/2018 per le finalit\u00e0 inerenti tale questionario.<\/p>\n<p><strong>Finalit\u00e0 del trattamento dei dati<\/strong><\/p>\n<p>La raccolta delle informazioni tramite il questionario \u00e8 finalizzata esclusivamente ad elaborazioni e successiva diffusione dei dati ricavati dall&#8217;indagine di valutazione dello stato dell\u2019arte dei singoli Comuni per verificare quanto gi\u00e0 attuato nel campo della mobilit\u00e0 sostenibile e della mobilit\u00e0 elettrica e recepire aspettative di sviluppo futuro su tali temi. Il trattamento dei dati avviene in ambito UE.<\/p>\n<p><strong>Modalit\u00e0 del trattamento dei dati<\/strong><\/p>\n<ol>\n<li>dati da lei forniti, saranno trattati in forma nominativa e non saranno utilizzati per la trasmissione di informazioni di carattere personale n\u00e9 vengono utilizzati sistemi per il tracciamento e la profilazione degli stessi.<\/li>\n<li>Le operazioni possono essere svolte con o senza l\u2019ausilio di strumenti elettronici o comunque automatizzati;<\/li>\n<li>Il trattamento \u00e8 svolto dal titolare e\/o dagli incaricati del trattamento<\/li>\n<\/ol>\n<p><strong>Diffusione dei dati<\/strong><\/p>\n<p>I suoi dati personali e le risposte fornite al questionario saranno condivisi all&#8217;interno del Comitato Scientifico di e_mob ed elaborati a cura dell\u2019Agenzia Mobilit\u00e0 Ambiente e Territorio srl (partecipata del comune di Milano), con sede alla Via Tommaso Pini n. 1 \u2013 20134 Milano e costituiranno base per i gruppi di lavoro gi\u00e0 individuati che elaboreranno proposte che saranno presentate nella 5^ Conferenza Nazionale della Mobilit\u00e0 Elettrica che si terr\u00e0 a Milano nel mese di ottobre 2021. Inoltre tali dati potranno essere divulgati in forma aggregata a terzi, nell&#8217;ambito di eventuali pubblicazioni a cura del Comitato Scientifico<\/p>\n<p><strong>Comunicazione dei dati<\/strong><\/p>\n<p>I dati personali possono venire a conoscenza degli incaricati del trattamento e possono essere comunicati per le finalit\u00e0 di cui al punto 1 a tutti i soggetti coinvolti nella predisposizione e gestione del questionario.<\/p>\n<p><strong>Trasferimento dei dati all\u2019estero<\/strong><\/p>\n<p>I dati personali raccolti non possono essere trasferiti verso paesi dell\u2019Unione Europea o verso Paesi terzi rispetto all&#8217;Unione Europea nell&#8217;ambito delle finalit\u00e0.<\/p>\n<p><strong>Diritti dell\u2019interessato<\/strong><\/p>\n<p>In qualunque momento lei potr\u00e0 esercitare i diritti di cui all\u2019art<strong>.<span> Reg. 2016\/679\/UE\u00a0<\/span><\/strong>che qui si riporta:<\/p>\n<ol>\n<li><em>L\u2019interessato ha diritto di ottenere la conferma dell\u2019esistenza o meno di dati personali che lo riguardano, anche se non ancora registrati, e la loro comunicazione in forma intelligibile.<\/em><\/li>\n<li><em>L\u2019interessato ha diritto di ottenere l\u2019indicazione:<\/em>\n<ol>\n<li><em>dell\u2019origine dei dati personali;<\/em><\/li>\n<li><em>delle finalit\u00e0 e modalit\u00e0 del trattamento;<\/em><\/li>\n<li><em>della logica applicata in caso di trattamento effettuato con l\u2019ausilio di strumenti elettronici;<\/em><\/li>\n<li><em>degli estremi identificativi del titolare, dei responsabili e del rappresentante designato ai sensi dell\u2019articolo 5, comma 2;<\/em><\/li>\n<li><em>dei soggetti o delle categorie di soggetti ai quali i dati personali possono essere comunicati o che possono venirne a conoscenza in qualit\u00e0 di rappresentante designato nel territorio dello Stato, di responsabili o incaricati.<\/em><\/li>\n<\/ol>\n<\/li>\n<li><em>L\u2019interessato ha diritto di ottenere:<\/em>\n<ol>\n<li><em>l\u2019aggiornamento, la rettificazione ovvero, quando vi ha interesse, l\u2019integrazione dei dati;<\/em><\/li>\n<li><em>la cancellazione, la trasformazione in forma anonima o il blocco dei dati trattati in violazione di legge, compresi quelli di cui non \u00e8 necessaria la conservazione in relazione agli scopi per i quali i dati sono stati raccolti o successivamente trattati;<\/em><\/li>\n<li><em>l\u2019attestazione che le operazioni di cui alle lettere a) e b) sono state portate a conoscenza, anche per quanto riguarda il loro contenuto, di coloro ai quali i dati sono stati comunicati o diffusi, eccettuato il caso in cui tale adempimento si rivela impossibile o comporta un impiego di mezzi manifestamente sproporzionato rispetto al diritto tutelato.<\/em><\/li>\n<\/ol>\n<\/li>\n<li><em>L\u2019interessato ha diritto di opporsi, in tutto o in parte:<\/em>\n<ol>\n<li><em>per motivi legittimi al trattamento dei dati personali che lo riguardano, ancorch\u00e9 pertinenti allo scopo della raccolta;<\/em><\/li>\n<li><em>al trattamento di dati personali che lo riguardano a fini di invio di materiale pubblicitario o di vendita diretta o per il compimento di ricerche di mercato o di comunicazione commerciale.<\/em><\/li>\n<\/ol>\n<\/li>\n<\/ol>\n<p><strong>I titolari e il responsabile del trattamento<\/strong><\/p>\n<p>Lei potr\u00e0 esercitare i diritti riguardanti i suoi dati personali, cos\u00ec come previsto dal Reg. 2016\/679\/UE e s.m.i, rivolgendosi al all&#8217;indirizzo di posta elettronica info@emob-italia.it.<\/p>\n<p>Il Responsabile del Trattamento \u00e8 Camillo Piazza, in qualit\u00e0 di presidente di CLASS.<\/p>\n<p>[\/et_pb_text][\/et_pb_column][\/et_pb_row][\/et_pb_section]<\/p>\n","protected":false},"excerpt":{"rendered":"<p>Trattamento dei dati e privacy per il Questionario condotto da Class Onlus.<\/p>\n","protected":false},"author":1,"featured_media":57749,"parent":0,"menu_order":0,"comment_status":"closed","ping_status":"closed","template":"","meta":{"_et_pb_use_builder":"on","_et_pb_old_content":"","_et_gb_content_width":"","_exactmetrics_skip_tracking":false,"_exactmetrics_sitenote_active":false,"_exactmetrics_sitenote_note":"","_exactmetrics_sitenote_category":0,"footnotes":""},"yoast_head":"<!-- This site is optimized with the Yoast SEO plugin v22.9 - https:\/\/yoast.com\/wordpress\/plugins\/seo\/ -->\n<title>privacy questionario &#8226; e_mob<\/title>\n<meta name=\"robots\" content=\"index, follow, max-snippet:-1, max-image-preview:large, max-video-preview:-1\" \/>\n<link rel=\"canonical\" href=\"https:\/\/emob-italia.it\/privacy-questionario\/\" \/>\n<meta property=\"og:locale\" content=\"en_US\" \/>\n<meta property=\"og:type\" content=\"article\" \/>\n<meta property=\"og:title\" content=\"privacy questionario &#8226; e_mob\" \/>\n<meta property=\"og:description\" content=\"Trattamento dei dati e privacy per il Questionario condotto da Class Onlus.\" \/>\n<meta property=\"og:url\" content=\"https:\/\/emob-italia.it\/privacy-questionario\/\" \/>\n<meta property=\"og:site_name\" content=\"e_mob\" \/>\n<meta property=\"article:publisher\" content=\"https:\/\/www.facebook.com\/emobitalia\/\" \/>\n<meta property=\"article:modified_time\" content=\"2024-03-05T17:14:53+00:00\" \/>\n<meta property=\"og:image\" content=\"https:\/\/emob-italia.it\/wp-content\/uploads\/2019\/04\/questionario-privacy.png\" \/>\n\t<meta property=\"og:image:width\" content=\"1069\" \/>\n\t<meta property=\"og:image:height\" content=\"721\" \/>\n\t<meta property=\"og:image:type\" content=\"image\/png\" \/>\n<meta name=\"twitter:label1\" content=\"Est. reading time\" \/>\n\t<meta name=\"twitter:data1\" content=\"4 minutes\" \/>\n<script type=\"application\/ld+json\" class=\"yoast-schema-graph\">{\"@context\":\"https:\/\/schema.org\",\"@graph\":[{\"@type\":\"WebPage\",\"@id\":\"https:\/\/emob-italia.it\/privacy-questionario\/\",\"url\":\"https:\/\/emob-italia.it\/privacy-questionario\/\",\"name\":\"privacy questionario &#8226; e_mob\",\"isPartOf\":{\"@id\":\"https:\/\/emob-italia.it\/#website\"},\"primaryImageOfPage\":{\"@id\":\"https:\/\/emob-italia.it\/privacy-questionario\/#primaryimage\"},\"image\":{\"@id\":\"https:\/\/emob-italia.it\/privacy-questionario\/#primaryimage\"},\"thumbnailUrl\":\"https:\/\/emob-italia.it\/wp-content\/uploads\/2019\/04\/questionario-privacy.png\",\"datePublished\":\"2019-04-03T05:38:29+00:00\",\"dateModified\":\"2024-03-05T17:14:53+00:00\",\"breadcrumb\":{\"@id\":\"https:\/\/emob-italia.it\/privacy-questionario\/#breadcrumb\"},\"inLanguage\":\"en-US\",\"potentialAction\":[{\"@type\":\"ReadAction\",\"target\":[\"https:\/\/emob-italia.it\/privacy-questionario\/\"]}]},{\"@type\":\"ImageObject\",\"inLanguage\":\"en-US\",\"@id\":\"https:\/\/emob-italia.it\/privacy-questionario\/#primaryimage\",\"url\":\"https:\/\/emob-italia.it\/wp-content\/uploads\/2019\/04\/questionario-privacy.png\",\"contentUrl\":\"https:\/\/emob-italia.it\/wp-content\/uploads\/2019\/04\/questionario-privacy.png\",\"width\":1069,\"height\":721},{\"@type\":\"BreadcrumbList\",\"@id\":\"https:\/\/emob-italia.it\/privacy-questionario\/#breadcrumb\",\"itemListElement\":[{\"@type\":\"ListItem\",\"position\":1,\"name\":\"Home\",\"item\":\"https:\/\/emob-italia.it\/en\/\"},{\"@type\":\"ListItem\",\"position\":2,\"name\":\"privacy questionario\"}]},{\"@type\":\"WebSite\",\"@id\":\"https:\/\/emob-italia.it\/#website\",\"url\":\"https:\/\/emob-italia.it\/\",\"name\":\"e_mob\",\"description\":\"Mobilit\u00e0 Elettrica\",\"publisher\":{\"@id\":\"https:\/\/emob-italia.it\/#organization\"},\"potentialAction\":[{\"@type\":\"SearchAction\",\"target\":{\"@type\":\"EntryPoint\",\"urlTemplate\":\"https:\/\/emob-italia.it\/?s={search_term_string}\"},\"query-input\":\"required name=search_term_string\"}],\"inLanguage\":\"en-US\"},{\"@type\":\"Organization\",\"@id\":\"https:\/\/emob-italia.it\/#organization\",\"name\":\"Class Onlus\",\"url\":\"https:\/\/emob-italia.it\/\",\"logo\":{\"@type\":\"ImageObject\",\"inLanguage\":\"en-US\",\"@id\":\"https:\/\/emob-italia.it\/#\/schema\/logo\/image\/\",\"url\":\"https:\/\/emob-italia.it\/wp-content\/uploads\/2019\/03\/0_CLASS-ONLUS-logo-web.png\",\"contentUrl\":\"https:\/\/emob-italia.it\/wp-content\/uploads\/2019\/03\/0_CLASS-ONLUS-logo-web.png\",\"width\":598,\"height\":202,\"caption\":\"Class Onlus\"},\"image\":{\"@id\":\"https:\/\/emob-italia.it\/#\/schema\/logo\/image\/\"},\"sameAs\":[\"https:\/\/www.facebook.com\/emobitalia\/\",\"https:\/\/www.instagram.com\/e_mob_italia\/\",\"https:\/\/www.linkedin.com\/groups\/12186185\/\",\"https:\/\/www.youtube.com\/channel\/UCvnTcrhggAX_AkFwGxRfqFw\/featured?view_as=subscriber\"]}]}<\/script>\n<!-- \/ Yoast SEO plugin. -->","yoast_head_json":{"title":"privacy questionario &#8226; e_mob","robots":{"index":"index","follow":"follow","max-snippet":"max-snippet:-1","max-image-preview":"max-image-preview:large","max-video-preview":"max-video-preview:-1"},"canonical":"https:\/\/emob-italia.it\/privacy-questionario\/","og_locale":"en_US","og_type":"article","og_title":"privacy questionario &#8226; e_mob","og_description":"Trattamento dei dati e privacy per il Questionario condotto da Class Onlus.","og_url":"https:\/\/emob-italia.it\/privacy-questionario\/","og_site_name":"e_mob","article_publisher":"https:\/\/www.facebook.com\/emobitalia\/","article_modified_time":"2024-03-05T17:14:53+00:00","og_image":[{"width":1069,"height":721,"url":"https:\/\/emob-italia.it\/wp-content\/uploads\/2019\/04\/questionario-privacy.png","type":"image\/png"}],"twitter_misc":{"Est. reading time":"4 minutes"},"schema":{"@context":"https:\/\/schema.org","@graph":[{"@type":"WebPage","@id":"https:\/\/emob-italia.it\/privacy-questionario\/","url":"https:\/\/emob-italia.it\/privacy-questionario\/","name":"privacy questionario &#8226; e_mob","isPartOf":{"@id":"https:\/\/emob-italia.it\/#website"},"primaryImageOfPage":{"@id":"https:\/\/emob-italia.it\/privacy-questionario\/#primaryimage"},"image":{"@id":"https:\/\/emob-italia.it\/privacy-questionario\/#primaryimage"},"thumbnailUrl":"https:\/\/emob-italia.it\/wp-content\/uploads\/2019\/04\/questionario-privacy.png","datePublished":"2019-04-03T05:38:29+00:00","dateModified":"2024-03-05T17:14:53+00:00","breadcrumb":{"@id":"https:\/\/emob-italia.it\/privacy-questionario\/#breadcrumb"},"inLanguage":"en-US","potentialAction":[{"@type":"ReadAction","target":["https:\/\/emob-italia.it\/privacy-questionario\/"]}]},{"@type":"ImageObject","inLanguage":"en-US","@id":"https:\/\/emob-italia.it\/privacy-questionario\/#primaryimage","url":"https:\/\/emob-italia.it\/wp-content\/uploads\/2019\/04\/questionario-privacy.png","contentUrl":"https:\/\/emob-italia.it\/wp-content\/uploads\/2019\/04\/questionario-privacy.png","width":1069,"height":721},{"@type":"BreadcrumbList","@id":"https:\/\/emob-italia.it\/privacy-questionario\/#breadcrumb","itemListElement":[{"@type":"ListItem","position":1,"name":"Home","item":"https:\/\/emob-italia.it\/en\/"},{"@type":"ListItem","position":2,"name":"privacy questionario"}]},{"@type":"WebSite","@id":"https:\/\/emob-italia.it\/#website","url":"https:\/\/emob-italia.it\/","name":"e_mob","description":"Mobilit\u00e0 Elettrica","publisher":{"@id":"https:\/\/emob-italia.it\/#organization"},"potentialAction":[{"@type":"SearchAction","target":{"@type":"EntryPoint","urlTemplate":"https:\/\/emob-italia.it\/?s={search_term_string}"},"query-input":"required name=search_term_string"}],"inLanguage":"en-US"},{"@type":"Organization","@id":"https:\/\/emob-italia.it\/#organization","name":"Class Onlus","url":"https:\/\/emob-italia.it\/","logo":{"@type":"ImageObject","inLanguage":"en-US","@id":"https:\/\/emob-italia.it\/#\/schema\/logo\/image\/","url":"https:\/\/emob-italia.it\/wp-content\/uploads\/2019\/03\/0_CLASS-ONLUS-logo-web.png","contentUrl":"https:\/\/emob-italia.it\/wp-content\/uploads\/2019\/03\/0_CLASS-ONLUS-logo-web.png","width":598,"height":202,"caption":"Class Onlus"},"image":{"@id":"https:\/\/emob-italia.it\/#\/schema\/logo\/image\/"},"sameAs":["https:\/\/www.facebook.com\/emobitalia\/","https:\/\/www.instagram.com\/e_mob_italia\/","https:\/\/www.linkedin.com\/groups\/12186185\/","https:\/\/www.youtube.com\/channel\/UCvnTcrhggAX_AkFwGxRfqFw\/featured?view_as=subscriber"]}]}},"_links":{"self":[{"href":"https:\/\/emob-italia.it\/en\/wp-json\/wp\/v2\/pages\/57747"}],"collection":[{"href":"https:\/\/emob-italia.it\/en\/wp-json\/wp\/v2\/pages"}],"about":[{"href":"https:\/\/emob-italia.it\/en\/wp-json\/wp\/v2\/types\/page"}],"author":[{"embeddable":true,"href":"https:\/\/emob-italia.it\/en\/wp-json\/wp\/v2\/users\/1"}],"replies":[{"embeddable":true,"href":"https:\/\/emob-italia.it\/en\/wp-json\/wp\/v2\/comments?post=57747"}],"version-history":[{"count":4,"href":"https:\/\/emob-italia.it\/en\/wp-json\/wp\/v2\/pages\/57747\/revisions"}],"predecessor-version":[{"id":64219,"href":"https:\/\/emob-italia.it\/en\/wp-json\/wp\/v2\/pages\/57747\/revisions\/64219"}],"wp:featuredmedia":[{"embeddable":true,"href":"https:\/\/emob-italia.it\/en\/wp-json\/wp\/v2\/media\/57749"}],"wp:attachment":[{"href":"https:\/\/emob-italia.it\/en\/wp-json\/wp\/v2\/media?parent=57747"}],"curies":[{"name":"wp","href":"https:\/\/api.w.org\/{rel}","templated":true}]}}