{"id":57682,"date":"2019-05-07T08:40:12","date_gmt":"2019-05-07T06:40:12","guid":{"rendered":"https:\/\/emob-italia.it\/privacy-and-cookie\/"},"modified":"2024-03-05T18:14:53","modified_gmt":"2024-03-05T17:14:53","slug":"privacy-e-cookie","status":"publish","type":"page","link":"https:\/\/emob-italia.it\/en\/privacy-e-cookie\/","title":{"rendered":"Privacy e cookie"},"content":{"rendered":"<p>[et_pb_section fb_built=&#8221;1&#8243; admin_label=&#8221;section&#8221; _builder_version=&#8221;3.22&#8243; fb_built=&#8221;1&#8243; _i=&#8221;0&#8243; _address=&#8221;0&#8243;][et_pb_row admin_label=&#8221;row&#8221; _builder_version=&#8221;3.25&#8243; background_size=&#8221;initial&#8221; background_position=&#8221;top_left&#8221; background_repeat=&#8221;repeat&#8221; _i=&#8221;0&#8243; _address=&#8221;0.0&#8243;][et_pb_column type=&#8221;4_4&#8243; _builder_version=&#8221;3.25&#8243; custom_padding=&#8221;|||&#8221; _i=&#8221;0&#8243; _address=&#8221;0.0.0&#8243; custom_padding__hover=&#8221;|||&#8221;][et_pb_text admin_label=&#8221;Text&#8221; _builder_version=&#8221;3.29.3&#8243; background_size=&#8221;initial&#8221; background_position=&#8221;top_left&#8221; background_repeat=&#8221;repeat&#8221; hover_enabled=&#8221;0&#8243; _i=&#8221;0&#8243; _address=&#8221;0.0.0.0&#8243;]<\/p>\n<p>La presente pagina \u00e8 costituita da due parti distinte: la prima inerenti l&#8217;uso dei sistemi di raccolta dati del traffico, la seconda sul trattamento dei dati personali.<\/p>\n<p>Il sito emob-italia.it non utilizza \u201ccookies di prima parte\u201d per la profilazione dell\u2019utente. Pertanto, secondo le direttive del Garante per la privacy, non occorre ottenere il consenso dell\u2019utente per il proseguimento della navigazione in questo sito web.<\/p>\n<\/p>\n<p>Per rendere il sito pi\u00f9 facile da utilizzare e maggiormente intuitivo usiamo i cosiddetti \u201ccookies tecnici\u201d, ivi compresi i \u201ccookies di terza parte\u201d e quelli di \u201csistema\u201d.<\/p>\n<\/p>\n<p><strong>Cookies di sistema<\/strong><\/p>\n<\/p>\n<p>Il sito utilizza cookie per garantire all\u2019utente una migliore esperienza di navigazione. I cookie servono per consegnare all\u2019utente una migliore visibilit\u00e0 e fruibilit\u00e0 corretta del sito. Puoi disabilitare questi cookie dal tuo browser comprometterai la qualit\u00e0 dei futuri accessi al sito e non potremo rispondere ad eventuali malfunzionamenti.<\/p>\n<\/p>\n<p><strong>Cookies di terza parte o analitici<\/strong><\/p>\n<\/p>\n<p>1) Google Analytics<\/p>\n<\/p>\n<p>Questo sito web si avvale dell\u2019ottimo servizio \u201cGoogle Analytics\u201d, fornito dalla societ\u00e0 Google Inc, al fine di analizzare anonimamente dettagliate statistiche sulle visite del sito medesimo.<\/p>\n<\/p>\n<p>2) Facebook<\/p>\n<\/p>\n<p>Facebook utilizza cookies per offrire all\u2019utente funzionalit\u00e0 di condivisione e di \u201clike\u201d sulla propria bacheca. Per maggiori informazioni, consultare la pagina: <a href=\"https:\/\/www.facebook.com\/about\/privacy\">https:\/\/www.facebook.com\/about\/privacy<\/a><\/p>\n<\/p>\n<p>3) Twitter<\/p>\n<\/p>\n<p>Twitter utilizza cookies per offrire all\u2019utente funzionalit\u00e0 di condivisione sulla propria bacheca. Per maggiori informazioni, consultare le pagine:<\/p>\n<\/p>\n<p><a href=\"https:\/\/support.twitter.com\/articles\/20170519-uso-dei-cookie-e-di-altre-tecnologie-simili-da-parte-di-twitter\">https:\/\/support.twitter.com\/articles\/20170519-uso-dei-cookie-e-di-altre-tecnologie-simili-da-parte-di-twitter<\/a><\/p>\n<\/p>\n<p><a href=\"https:\/\/twitter.com\/privacy?lang=it\">https:\/\/twitter.com\/privacy?lang=it<\/a><\/p>\n<\/p>\n<p>4) Google+<\/p>\n<\/p>\n<p>Google+ utilizza cookies per offrire all\u2019utente funzionalit\u00e0 di condivisione sulla propria bacheca. Per maggiori informazioni, consultare la pagina: <a href=\"http:\/\/www.google.com\/policies\/technologies\/cookies\/\">http:\/\/www.google.com\/policies\/technologies\/cookies\/<\/a><\/p>\n<\/p>\n<h1>Informativa sulla privacy ex D. Lgs. 30 giugno 2003 n. 196<\/h1>\n<\/p>\n<p>Gentile internauta,<\/p>\n<\/p>\n<p>ai sensi del \u201cCodice in materia di protezione dei dati personali\u201d (ex. D. Lgs. 30 giugno 2003 n. 196 e successive modificazioni) La informiamo che:<\/p>\n<\/p>\n<ol>\n<li>I dati personali e anagrafici forniti all\u2019atto della compilazione del modulo di registrazione in questo sito web, in particolare il nome, il cognome, l\u2019indirizzo email, il numero di telefono e l\u2019azienda presso cui lavora, sono oggetto di trattamento tramite strumenti automatizzati e non, con accesso controllato e secondo le modalit\u00e0 prescritte dalla Legge e relativi regolamenti di attuazione, nel rispetto di tale normativa e degli obblighi di riservatezza ivi previsti. I dati raccolti sono inviati tramite mail protetta con crittografia adeguata di tipo certificato SSL;<\/li>\n<li>Per trattamento di dati personali ai sensi della Legge, si intende qualunque operazione o complesso di operazioni, svolti con o senza l\u2019ausilio di mezzi elettronici o comunque automatizzati, concernenti la raccolta, la registrazione, ed ogni attivit\u00e0 qua a fine statistico per comunicazione e diffusione della mobilit\u00e0 elettrica (ivi compresa la cancellazione);<\/li>\n<li>I dati sono trattati per finalit\u00e0 istituzionali, connesse o strumentali all\u2019attivit\u00e0 del sito quali archiviazione nel database che fornisce i servizi descritti nel presente sito e per i quali si sta compilando il modulo, l\u2019elaborazione, gestione contatti, e in particolare:\n<ol>\n<li>Per fornire i servizi offerti dal sito emob-italia.it, ovvero per ricontattare l\u2019utente via email o telefono;<\/li>\n<li>Per adempiere ad obblighi di legge presenti o futuri delle attivit\u00e0 svolte;<\/li>\n<li>Per lo svolgimento di attivit\u00e0 di direct mailing e\/o direct marketing, anche a fini promozionali, per conto proprio e\/o dei\u00a0<a href=\"https:\/\/emob-italia.it\/chi-siamo\/\">promotori del comitato<\/a>;<\/li>\n<\/ol>\n<\/li>\n<li>In relazione al trattamento dei dati personali, l\u2019interessato pu\u00f2 esercitare, anche a mezzo delega o procura a persona fisica o associazione, i propri diritti previsti dall\u2019art. 7 del Dlgs. di sommicapi.<\/li>\n<li>I dati sono raccolti in un database e potranno essere comunicati ai seguenti soggetti:\n<ol>\n<li>Incaricati del trattamento all\u2019interno della struttura;<\/li>\n<li>Societ\u00e0 controllanti, controllate e collegate;<\/li>\n<li>Partner ai fini di ricerche di mercato;<\/li>\n<li>Societ\u00e0 che svolgono attivit\u00e0 strumentali.<\/li>\n<\/ol>\n<\/li>\n<li>Il titolare del trattamento e\u2019\u00a0<a href=\"https:\/\/classonlus.it\/\">CLASS<\/a>\u00a0\u2013 Comitato per L\u2019Ambiente e lo Sviluppo Sostenibile Via Einaudi 1 Cologno Monzese (MI) tel. 02\/27208182.<\/li>\n<li>Il responsabile del trattamento dei dati \u00e8 CLASS \u2013 Comitato per L\u2019Ambiente e lo Sviluppo Sostenibile Via Einaudi 1 Cologno Monzese (MI) tel. 02\/27208182 associazione <strong>NON A SCOPO DI LUCRO<\/strong>;<\/li>\n<li>Per modificare o eliminare i propri dati personali fare richiesta all\u2019indirizzo email info@emob-italia.it<\/li>\n<li>In relazione alle finalit\u00e0, il trattamento dei dati avviene mediante strumenti esclusivamente informatici, in modo da garantire la sicurezza e la riservatezza dei dati, nonch\u00e9 la piena osservanza della Legge.<\/li>\n<\/ol>\n<p>[\/et_pb_text][\/et_pb_column][\/et_pb_row][\/et_pb_section]<\/p>\n","protected":false},"excerpt":{"rendered":"<p>La presente pagina \u00e8 costituita da due parti distinte: la prima inerenti l&#8217;uso dei sistemi di raccolta dati del traffico, la seconda sul trattamento dei dati personali. Il sito emob-italia.it non utilizza \u201ccookies di prima parte\u201d per la profilazione dell\u2019utente. Pertanto, secondo le direttive del Garante per la privacy, non occorre ottenere il consenso dell\u2019utente [&hellip;]<\/p>\n","protected":false},"author":2,"featured_media":0,"parent":0,"menu_order":0,"comment_status":"closed","ping_status":"closed","template":"","meta":{"_et_pb_use_builder":"on","_et_pb_old_content":"<!-- wp:paragraph -->\n<p>Il sito emob-italia.it non utilizza \u201ccookies di prima parte\u201d per la profilazione dell\u2019utente. Pertanto, secondo le direttive del Garante per la privacy, non occorre ottenere il consenso dell\u2019utente per il proseguimento della navigazione in questo sito web.<\/p>\n<!-- \/wp:paragraph -->\n\n<!-- wp:paragraph -->\n<p>Per rendere il sito pi\u00f9 facile da utilizzare e maggiormente intuitivo usiamo i cosiddetti \u201ccookies tecnici\u201d, ivi compresi i \u201ccookies di terza parte\u201d e quelli di \u201csistema\u201d.<\/p>\n<!-- \/wp:paragraph -->\n\n<!-- wp:paragraph -->\n<p><strong>Cookies di sistema<\/strong><\/p>\n<!-- \/wp:paragraph -->\n\n<!-- wp:paragraph -->\n<p>Il sito utilizza cookie per garantire all\u2019utente una migliore esperienza di navigazione. I cookie servono per consegnare all\u2019utente una migliore visibilit\u00e0 e fruibilit\u00e0 corretta del sito. Puoi disabilitare questi cookie dal tuo browser comprometterai la qualit\u00e0 dei futuri accessi al sito e non potremo rispondere ad eventuali malfunzionamenti.<\/p>\n<!-- \/wp:paragraph -->\n\n<!-- wp:paragraph -->\n<p><strong>Cookies di terza parte o analitici<\/strong><\/p>\n<!-- \/wp:paragraph -->\n\n<!-- wp:paragraph -->\n<p>1) Google Analytics<\/p>\n<!-- \/wp:paragraph -->\n\n<!-- wp:paragraph -->\n<p>Questo sito web si avvale dell\u2019ottimo servizio \u201cGoogle Analytics\u201d, fornito dalla societ\u00e0 Google Inc, al fine di analizzare anonimamente dettagliate statistiche sulle visite del sito medesimo.<\/p>\n<!-- \/wp:paragraph -->\n\n<!-- wp:paragraph -->\n<p>2) Facebook<\/p>\n<!-- \/wp:paragraph -->\n\n<!-- wp:paragraph -->\n<p>Facebook utilizza cookies per offrire all\u2019utente funzionalit\u00e0 di condivisione e di \u201clike\u201d sulla propria bacheca. Per maggiori informazioni, consultare la pagina: <a href=\"https:\/\/www.facebook.com\/about\/privacy\">https:\/\/www.facebook.com\/about\/privacy<\/a><\/p>\n<!-- \/wp:paragraph -->\n\n<!-- wp:paragraph -->\n<p>3) Twitter<\/p>\n<!-- \/wp:paragraph -->\n\n<!-- wp:paragraph -->\n<p>Twitter utilizza cookies per offrire all\u2019utente funzionalit\u00e0 di condivisione sulla propria bacheca. Per maggiori informazioni, consultare le pagine:<\/p>\n<!-- \/wp:paragraph -->\n\n<!-- wp:paragraph -->\n<p> <a href=\"https:\/\/support.twitter.com\/articles\/20170519-uso-dei-cookie-e-di-altre-tecnologie-simili-da-parte-di-twitter\">https:\/\/support.twitter.com\/articles\/20170519-uso-dei-cookie-e-di-altre-tecnologie-simili-da-parte-di-twitter<\/a><\/p>\n<!-- \/wp:paragraph -->\n\n<!-- wp:paragraph -->\n<p><a href=\"https:\/\/twitter.com\/privacy?lang=it\">https:\/\/twitter.com\/privacy?lang=it<\/a><\/p>\n<!-- \/wp:paragraph -->\n\n<!-- wp:paragraph -->\n<p>4) Google+<\/p>\n<!-- \/wp:paragraph -->\n\n<!-- wp:paragraph -->\n<p>Google+ utilizza cookies per offrire all\u2019utente funzionalit\u00e0 di condivisione sulla propria bacheca. Per maggiori informazioni, consultare la pagina: <a href=\"http:\/\/www.google.com\/policies\/technologies\/cookies\/\">http:\/\/www.google.com\/policies\/technologies\/cookies\/<\/a><\/p>\n<!-- \/wp:paragraph -->\n\n<!-- wp:heading {\"level\":1} -->\n<h1>Informativa sulla privacy ex D. Lgs. 30 giugno 2003 n. 196<\/h1>\n<!-- \/wp:heading -->\n\n<!-- wp:paragraph -->\n<p>Gentile internauta,<\/p>\n<!-- \/wp:paragraph -->\n\n<!-- wp:paragraph -->\n<p>ai sensi del \u201cCodice in materia di protezione dei dati personali\u201d (D. Lgs. 30 giugno 2003 n. 196 e successive modificazioni) La informiamo che:<\/p>\n<!-- \/wp:paragraph -->\n\n<!-- wp:list {\"ordered\":true} -->\n<ol><li>I dati personali e anagrafici forniti all\u2019atto della compilazione del modulo di registrazione in questo sito web, in particolare il nome, il cognome, l\u2019indirizzo email, il numero di telefono e l\u2019azienda presso cui lavora, sono oggetto di trattamento tramite strumenti automatizzati e non, con accesso controllato e secondo le modalit\u00e0 prescritte dalla Legge e relativi regolamenti di attuazione, nel rispetto di tale normativa e degli obblighi di riservatezza ivi previsti. I dati raccolti sono inviati tramite mail protetta con crittografia adeguata di tipo certificato SSL;<\/li><li>Per trattamento di dati personali ai sensi della Legge, si intende qualunque operazione o complesso di operazioni, svolti con o senza l\u2019ausilio di mezzi elettronici o comunque automatizzati, concernenti la raccolta, la registrazione, ed ogni attivit\u00e0 qua a fine statistico per comunicazione e diffusione della mobilit\u00e0 elettrica (ivi compresa la cancellazione);<\/li><li>I dati sono trattati per finalit\u00e0 istituzionali, connesse o strumentali all\u2019attivit\u00e0 del sito quali archiviazione nel database che fornisce i servizi descritti nel presente sito e per i quali si sta compilando il modulo, l\u2019elaborazione, gestione contatti, e in particolare:<ol><li>Per fornire i servizi offerti dal sito emob2018.it, ovvero per ricontattare l\u2019utente via email o telefono;<\/li><li>Per adempiere ad obblighi di legge presenti o futuridelle attivit\u00e0 svolte;<\/li><li>Per lo svolgimento di attivit\u00e0 di direct mailing e\/o direct marketing, anche a fini promozionali, per conto proprio e\/o dei\u00a0<a href=\"https:\/\/emob-italia.it\/chi-siamo\/\">promotori del comitato<\/a>;<\/li><\/ol><\/li><li>In relazione al trattamento dei dati personali, l\u2019interessato pu\u00f2 esercitare, anche a mezzo delega o procura a persona fisica o associazione, i propri diritti previsti dall\u2019art. 7 del Dlgs. di sommicapi.<\/li><li>I dati sono raccolti in un database e potranno essere comunicati ai seguenti soggetti:<ol><li>Incaricati del trattamento all\u2019interno della struttura;<\/li><li>Societ\u00e0 controllanti, controllate e collegate;<\/li><li>Partner ai fini di ricerche di mercato;<\/li><li>Societ\u00e0 che svolgono attivit\u00e0 strumentali.<\/li><\/ol><\/li><li>Il titolare del trattamento e\u2019\u00a0<a href=\"https:\/\/classonlus.it\/\">CLASS<\/a>\u00a0\u2013 Comitato per L\u2019Ambiente e lo Sviluppo Sostenibile Via Einaudi 1 Cologno Monzese (MI) tel. 02\/27208182.<\/li><li>Il responsabile del trattamento dei dati \u00e8 CLASS \u2013 Comitato per L\u2019Ambiente e lo Sviluppo Sostenibile Via Einaudi 1 Cologno Monzese (MI) tel. 02\/27208182;<\/li><li>Per modificare o eliminare i propri dati personali fare richiesta all\u2019indirizzo email info@emob2018.it<\/li><li>In relazione alle finalit\u00e0, il trattamento dei dati avviene mediante strumenti esclusivamente informatici, in modo da garantire la sicurezza e la riservatezza dei dati, nonch\u00e9 la piena osservanza della Legge.<\/li><\/ol>\n<!-- \/wp:list -->","_et_gb_content_width":"","_exactmetrics_skip_tracking":false,"_exactmetrics_sitenote_active":false,"_exactmetrics_sitenote_note":"","_exactmetrics_sitenote_category":0,"footnotes":""},"yoast_head":"<!-- This site is optimized with the Yoast SEO plugin v22.9 - https:\/\/yoast.com\/wordpress\/plugins\/seo\/ -->\n<title>Privacy e cookie &#8226; e_mob<\/title>\n<meta name=\"robots\" content=\"index, follow, max-snippet:-1, max-image-preview:large, max-video-preview:-1\" \/>\n<link rel=\"canonical\" href=\"https:\/\/emob-italia.it\/privacy-e-cookie\/\" \/>\n<meta property=\"og:locale\" content=\"en_US\" \/>\n<meta property=\"og:type\" content=\"article\" \/>\n<meta property=\"og:title\" content=\"Privacy e cookie &#8226; e_mob\" \/>\n<meta property=\"og:description\" content=\"La presente pagina \u00e8 costituita da due parti distinte: la prima inerenti l&#039;uso dei sistemi di raccolta dati del traffico, la seconda sul trattamento dei dati personali. Il sito emob-italia.it non utilizza \u201ccookies di prima parte\u201d per la profilazione dell\u2019utente. Pertanto, secondo le direttive del Garante per la privacy, non occorre ottenere il consenso dell\u2019utente [&hellip;]\" \/>\n<meta property=\"og:url\" content=\"https:\/\/emob-italia.it\/privacy-e-cookie\/\" \/>\n<meta property=\"og:site_name\" content=\"e_mob\" \/>\n<meta property=\"article:publisher\" content=\"https:\/\/www.facebook.com\/emobitalia\/\" \/>\n<meta property=\"article:modified_time\" content=\"2024-03-05T17:14:53+00:00\" \/>\n<meta property=\"og:image\" content=\"https:\/\/emob-italia.it\/wp-content\/uploads\/2019\/09\/emob-logo-registrato.png\" \/>\n\t<meta property=\"og:image:width\" content=\"400\" \/>\n\t<meta property=\"og:image:height\" content=\"110\" \/>\n\t<meta property=\"og:image:type\" content=\"image\/png\" \/>\n<meta name=\"twitter:label1\" content=\"Est. reading time\" \/>\n\t<meta name=\"twitter:data1\" content=\"4 minutes\" \/>\n<script type=\"application\/ld+json\" class=\"yoast-schema-graph\">{\"@context\":\"https:\/\/schema.org\",\"@graph\":[{\"@type\":\"WebPage\",\"@id\":\"https:\/\/emob-italia.it\/privacy-e-cookie\/\",\"url\":\"https:\/\/emob-italia.it\/privacy-e-cookie\/\",\"name\":\"Privacy e cookie &#8226; e_mob\",\"isPartOf\":{\"@id\":\"https:\/\/emob-italia.it\/#website\"},\"datePublished\":\"2019-05-07T06:40:12+00:00\",\"dateModified\":\"2024-03-05T17:14:53+00:00\",\"breadcrumb\":{\"@id\":\"https:\/\/emob-italia.it\/privacy-e-cookie\/#breadcrumb\"},\"inLanguage\":\"en-US\",\"potentialAction\":[{\"@type\":\"ReadAction\",\"target\":[\"https:\/\/emob-italia.it\/privacy-e-cookie\/\"]}]},{\"@type\":\"BreadcrumbList\",\"@id\":\"https:\/\/emob-italia.it\/privacy-e-cookie\/#breadcrumb\",\"itemListElement\":[{\"@type\":\"ListItem\",\"position\":1,\"name\":\"Home\",\"item\":\"https:\/\/emob-italia.it\/en\/\"},{\"@type\":\"ListItem\",\"position\":2,\"name\":\"Privacy e cookie\"}]},{\"@type\":\"WebSite\",\"@id\":\"https:\/\/emob-italia.it\/#website\",\"url\":\"https:\/\/emob-italia.it\/\",\"name\":\"e_mob\",\"description\":\"Mobilit\u00e0 Elettrica\",\"publisher\":{\"@id\":\"https:\/\/emob-italia.it\/#organization\"},\"potentialAction\":[{\"@type\":\"SearchAction\",\"target\":{\"@type\":\"EntryPoint\",\"urlTemplate\":\"https:\/\/emob-italia.it\/?s={search_term_string}\"},\"query-input\":\"required name=search_term_string\"}],\"inLanguage\":\"en-US\"},{\"@type\":\"Organization\",\"@id\":\"https:\/\/emob-italia.it\/#organization\",\"name\":\"Class Onlus\",\"url\":\"https:\/\/emob-italia.it\/\",\"logo\":{\"@type\":\"ImageObject\",\"inLanguage\":\"en-US\",\"@id\":\"https:\/\/emob-italia.it\/#\/schema\/logo\/image\/\",\"url\":\"https:\/\/emob-italia.it\/wp-content\/uploads\/2019\/03\/0_CLASS-ONLUS-logo-web.png\",\"contentUrl\":\"https:\/\/emob-italia.it\/wp-content\/uploads\/2019\/03\/0_CLASS-ONLUS-logo-web.png\",\"width\":598,\"height\":202,\"caption\":\"Class Onlus\"},\"image\":{\"@id\":\"https:\/\/emob-italia.it\/#\/schema\/logo\/image\/\"},\"sameAs\":[\"https:\/\/www.facebook.com\/emobitalia\/\",\"https:\/\/www.instagram.com\/e_mob_italia\/\",\"https:\/\/www.linkedin.com\/groups\/12186185\/\",\"https:\/\/www.youtube.com\/channel\/UCvnTcrhggAX_AkFwGxRfqFw\/featured?view_as=subscriber\"]}]}<\/script>\n<!-- \/ Yoast SEO plugin. -->","yoast_head_json":{"title":"Privacy e cookie &#8226; e_mob","robots":{"index":"index","follow":"follow","max-snippet":"max-snippet:-1","max-image-preview":"max-image-preview:large","max-video-preview":"max-video-preview:-1"},"canonical":"https:\/\/emob-italia.it\/privacy-e-cookie\/","og_locale":"en_US","og_type":"article","og_title":"Privacy e cookie &#8226; e_mob","og_description":"La presente pagina \u00e8 costituita da due parti distinte: la prima inerenti l'uso dei sistemi di raccolta dati del traffico, la seconda sul trattamento dei dati personali. Il sito emob-italia.it non utilizza \u201ccookies di prima parte\u201d per la profilazione dell\u2019utente. Pertanto, secondo le direttive del Garante per la privacy, non occorre ottenere il consenso dell\u2019utente [&hellip;]","og_url":"https:\/\/emob-italia.it\/privacy-e-cookie\/","og_site_name":"e_mob","article_publisher":"https:\/\/www.facebook.com\/emobitalia\/","article_modified_time":"2024-03-05T17:14:53+00:00","og_image":[{"width":400,"height":110,"url":"https:\/\/emob-italia.it\/wp-content\/uploads\/2019\/09\/emob-logo-registrato.png","type":"image\/png"}],"twitter_misc":{"Est. reading time":"4 minutes"},"schema":{"@context":"https:\/\/schema.org","@graph":[{"@type":"WebPage","@id":"https:\/\/emob-italia.it\/privacy-e-cookie\/","url":"https:\/\/emob-italia.it\/privacy-e-cookie\/","name":"Privacy e cookie &#8226; e_mob","isPartOf":{"@id":"https:\/\/emob-italia.it\/#website"},"datePublished":"2019-05-07T06:40:12+00:00","dateModified":"2024-03-05T17:14:53+00:00","breadcrumb":{"@id":"https:\/\/emob-italia.it\/privacy-e-cookie\/#breadcrumb"},"inLanguage":"en-US","potentialAction":[{"@type":"ReadAction","target":["https:\/\/emob-italia.it\/privacy-e-cookie\/"]}]},{"@type":"BreadcrumbList","@id":"https:\/\/emob-italia.it\/privacy-e-cookie\/#breadcrumb","itemListElement":[{"@type":"ListItem","position":1,"name":"Home","item":"https:\/\/emob-italia.it\/en\/"},{"@type":"ListItem","position":2,"name":"Privacy e cookie"}]},{"@type":"WebSite","@id":"https:\/\/emob-italia.it\/#website","url":"https:\/\/emob-italia.it\/","name":"e_mob","description":"Mobilit\u00e0 Elettrica","publisher":{"@id":"https:\/\/emob-italia.it\/#organization"},"potentialAction":[{"@type":"SearchAction","target":{"@type":"EntryPoint","urlTemplate":"https:\/\/emob-italia.it\/?s={search_term_string}"},"query-input":"required name=search_term_string"}],"inLanguage":"en-US"},{"@type":"Organization","@id":"https:\/\/emob-italia.it\/#organization","name":"Class Onlus","url":"https:\/\/emob-italia.it\/","logo":{"@type":"ImageObject","inLanguage":"en-US","@id":"https:\/\/emob-italia.it\/#\/schema\/logo\/image\/","url":"https:\/\/emob-italia.it\/wp-content\/uploads\/2019\/03\/0_CLASS-ONLUS-logo-web.png","contentUrl":"https:\/\/emob-italia.it\/wp-content\/uploads\/2019\/03\/0_CLASS-ONLUS-logo-web.png","width":598,"height":202,"caption":"Class Onlus"},"image":{"@id":"https:\/\/emob-italia.it\/#\/schema\/logo\/image\/"},"sameAs":["https:\/\/www.facebook.com\/emobitalia\/","https:\/\/www.instagram.com\/e_mob_italia\/","https:\/\/www.linkedin.com\/groups\/12186185\/","https:\/\/www.youtube.com\/channel\/UCvnTcrhggAX_AkFwGxRfqFw\/featured?view_as=subscriber"]}]}},"_links":{"self":[{"href":"https:\/\/emob-italia.it\/en\/wp-json\/wp\/v2\/pages\/57682"}],"collection":[{"href":"https:\/\/emob-italia.it\/en\/wp-json\/wp\/v2\/pages"}],"about":[{"href":"https:\/\/emob-italia.it\/en\/wp-json\/wp\/v2\/types\/page"}],"author":[{"embeddable":true,"href":"https:\/\/emob-italia.it\/en\/wp-json\/wp\/v2\/users\/2"}],"replies":[{"embeddable":true,"href":"https:\/\/emob-italia.it\/en\/wp-json\/wp\/v2\/comments?post=57682"}],"version-history":[{"count":1,"href":"https:\/\/emob-italia.it\/en\/wp-json\/wp\/v2\/pages\/57682\/revisions"}],"predecessor-version":[{"id":64218,"href":"https:\/\/emob-italia.it\/en\/wp-json\/wp\/v2\/pages\/57682\/revisions\/64218"}],"wp:attachment":[{"href":"https:\/\/emob-italia.it\/en\/wp-json\/wp\/v2\/media?parent=57682"}],"curies":[{"name":"wp","href":"https:\/\/api.w.org\/{rel}","templated":true}]}}